{"id":74,"date":"2018-02-24T14:17:12","date_gmt":"2018-02-24T13:17:12","guid":{"rendered":"http:\/\/fairplay-przeprowadzki.pl\/?page_id=74"},"modified":"2026-01-02T14:18:42","modified_gmt":"2026-01-02T13:18:42","slug":"cennik","status":"publish","type":"page","link":"https:\/\/fairplay-przeprowadzki.pl\/index.php\/cennik\/","title":{"rendered":"Cennik"},"content":{"rendered":"<h2 data-start=\"212\" data-end=\"267\"><\/h2>\n<div>\n<h2 style=\"text-align: center;\" data-start=\"212\" data-end=\"267\">\ud83d\udfe6 PROFESJONALNE US\u0141UGI TRANSPORTOWE<\/h2>\n<h3 style=\"text-align: center;\" data-start=\"269\" data-end=\"343\">\ud83d\ude9a\ud83d\udce6 Transport i przeprowadzki bez ukrytych koszt\u00f3w \u2013 Warszawa i okolice<\/h3>\n<p style=\"text-align: center;\" data-start=\"345\" data-end=\"581\"><strong data-start=\"345\" data-end=\"446\">Oferujemy profesjonalne us\u0142ugi transportowe i przeprowadzkowe 365 dni w roku, 24 godziny na dob\u0119.<\/strong><br data-start=\"446\" data-end=\"449\" \/>Dzia\u0142amy szybko, rzetelnie i uczciwie \u2013 <strong data-start=\"489\" data-end=\"533\">bez ukrytych koszt\u00f3w i dodatkowych op\u0142at<\/strong>, kt\u00f3re cz\u0119sto zaskakuj\u0105 klient\u00f3w u konkurencji.<\/p>\n<\/div>\n<p style=\"text-align: center;\" data-start=\"345\" data-end=\"581\"><strong data-start=\"431\" data-end=\"475\">\u2705\ud83d\udee1\ufe0f\ud83d\udcc4 JAKO NIELICZNI POSIADAMY POLIS\u0118 OC FIRMY<\/strong> \u2013 bo bezpiecze\u0144stwo mienia naszych klient\u00f3w to dla nas priorytet.<\/p>\n<p style=\"text-align: center;\" data-start=\"345\" data-end=\"581\"><strong>Stawiamy na transparentno\u015b\u0107, uczciwo\u015b\u0107 i zasady fair\ud83e\udd1dplay, zapewniaj\u0105c pe\u0142n\u0105 ochron\u0119 na ka\u017cdym etapie wsp\u00f3\u0142pracy.<\/strong><\/p>\n<div>\n<div>\n<h2 style=\"text-align: center;\" data-start=\"660\" data-end=\"702\">\u2705 Przejrzyste ceny \u2013 zero niespodzianek<\/h2>\n<p style=\"text-align: center;\" data-start=\"704\" data-end=\"935\">\u2714 <strong data-start=\"706\" data-end=\"743\">Podstawienie auta na terenie ca\u0142ej Warszawy wliczone w cen\u0119<\/strong><br data-start=\"743\" data-end=\"746\" \/>\u2714 <strong data-start=\"748\" data-end=\"792\">Kilometr\u00f3wka na terenie ca\u0142ej Warszawy w cenie<\/strong><br data-start=\"836\" data-end=\"839\" \/>\u2714 <strong data-start=\"841\" data-end=\"887\">Brak dop\u0142at za odleg\u0142o\u015b\u0107 od auta do klatki<\/strong><\/p>\n<p style=\"text-align: center;\" data-start=\"937\" data-end=\"1015\">\ud83d\udc49 U nas <strong data-start=\"946\" data-end=\"980\">dok\u0142adnie wiesz, za co p\u0142acisz<\/strong> \u2013 od pocz\u0105tku do ko\u0144ca realizacji.<\/p>\n<hr data-start=\"1017\" data-end=\"1020\" \/>\n<h2 style=\"text-align: center;\" data-start=\"1022\" data-end=\"1066\">\ud83d\udfe6 SYSTEM GODZINOWY \u2013 UCZCIWE ROZLICZENIE<\/h2>\n<h3 style=\"text-align: center;\" data-start=\"1068\" data-end=\"1121\">\ud83d\udd52 Przeprowadzki i transport rozliczane godzinowo<\/h3>\n<p style=\"text-align: center;\" data-start=\"1123\" data-end=\"1247\">Bazuj\u0105c na <strong data-start=\"1134\" data-end=\"1195\">wieloletnim do\u015bwiadczeniu w przeprowadzkach i transporcie<\/strong>, stworzyli\u015bmy <strong data-start=\"1210\" data-end=\"1239\">czytelny system godzinowy<\/strong>, kt\u00f3ry:<\/p>\n<p style=\"text-align: center;\" data-start=\"1249\" data-end=\"1369\">\u2714 eliminuje ukryte koszty<br data-start=\"1274\" data-end=\"1277\" \/>\u2714 daje pe\u0142n\u0105 kontrol\u0119 nad bud\u017cetem<br data-start=\"1311\" data-end=\"1314\" \/>\u2714 chroni klienta przed dop\u0142atami w trakcie realizacji<\/p>\n<p style=\"text-align: center;\" data-start=\"1371\" data-end=\"1452\">Dzi\u0119ki temu <strong data-start=\"1383\" data-end=\"1414\">nie p\u0142ac\u0105 Pa\u0144stwo dodatkowo<\/strong>, je\u015bli w trakcie przeprowadzki dojd\u0105 Pa\u0144stwu nieprzewidziane dodatkowe rzeczy:<\/p>\n<ul style=\"text-align: center;\" data-start=\"1453\" data-end=\"1538\">\n<li data-start=\"1453\" data-end=\"1460\">\n<p data-start=\"1455\" data-end=\"1460\">meble kartony sprz\u0119t gabaryty o kt\u00f3rych zapomniano wspomnie\u0107 przy zam\u00f3wieniu us\u0142ugi.<\/p>\n<\/li>\n<\/ul>\n<p style=\"text-align: center;\" data-start=\"1540\" data-end=\"1596\">\ud83d\udccc <strong data-start=\"1543\" data-end=\"1596\">P\u0142acisz za czas pracy \u2013 nie za ilo\u015b\u0107 przedmiot\u00f3w.<\/strong><\/p>\n<h2 style=\"text-align: center;\" data-start=\"1657\" data-end=\"1710\">\ud83d\udfe6 MA\u0141E I SZYBKIE ZLECENIA \u2013 BEZ MINIMUM CZASOWEGO<\/h2>\n<p style=\"text-align: center;\" data-start=\"1712\" data-end=\"1782\">Nie narzucamy <strong data-start=\"1726\" data-end=\"1758\">minimum czasowego realizacji<\/strong>.<br data-start=\"1759\" data-end=\"1762\" \/>Realizujemy r\u00f3wnie\u017c:<\/p>\n<p style=\"text-align: center;\" data-start=\"1784\" data-end=\"1873\">\u2714 kr\u00f3tkie transporty<br data-start=\"1804\" data-end=\"1807\" \/>\u2714 szybkie przeprowadzki<br data-start=\"1830\" data-end=\"1833\" \/>\u2714 drobne zlecenia<br data-start=\"1850\" data-end=\"1853\" \/>\u2714 pojedyncze meble<\/p>\n<p style=\"text-align: center;\" data-start=\"1875\" data-end=\"1939\">\ud83d\udc49 <strong data-start=\"1878\" data-end=\"1939\">U nas ka\u017cda us\u0142uga jest wa\u017cna \u2013 niezale\u017cnie od wielko\u015bci.<\/strong><\/p>\n<hr data-start=\"1941\" data-end=\"1944\" \/>\n<h2 style=\"text-align: center;\" data-start=\"1946\" data-end=\"1964\">\ud83d\udfe6 DLACZEGO MY?<\/h2>\n<p style=\"text-align: center;\" data-start=\"1966\" data-end=\"2178\"><strong>\u2714 transport i przeprowadzki Warszawa i okolice<\/strong><br data-start=\"2016\" data-end=\"2019\" \/><strong>\u2714 us\u0142ugi transportowe 24h \/ 7 dni w tygodniu<\/strong><br data-start=\"2067\" data-end=\"2070\" \/><strong>\u2714 uczciwe ceny bez ukrytych koszt\u00f3w<\/strong><br data-start=\"2105\" data-end=\"2108\" \/><strong>\u2714 system godzinowy<\/strong><br data-start=\"2126\" data-end=\"2129\" \/><strong>\u2714 do\u015bwiadczeni i mili pracownicy<\/strong><br data-start=\"2154\" data-end=\"2157\" \/><strong>\u2714 szybka realizacja<\/strong><\/p>\n<p style=\"text-align: center;\" data-start=\"1966\" data-end=\"2178\"><strong>\u2714 podejmujemy si\u0119 nietypowych i trudnych zlece\u0144<\/strong><\/p>\n<p style=\"text-align: center;\" data-start=\"2293\" data-end=\"2405\"><strong>Bez wzgl\u0119du na to, czy zlecenie jest du\u017ce czy ma\u0142e zawsze podchodzimy do niego z takim samym zaanga\u017cowaniem.<\/strong><\/p>\n<\/div>\n<h3 style=\"text-align: center;\">\ud83d\udfe6 DODATKOWA OP\u0141ATA NASZA 2 STREFA DOJAZDU!<\/h3>\n<h3 style=\"text-align: center;\"><strong>\ud83d\udccdNasza 2 strefa (zaczyna si\u0119 na wysoko\u015bci dawnego znaku 2 strefa taxi ) do 10km w 1 stron\u0119 od znaku dop\u0142ata jednorazowa w obie strony to tylko +50z\u0142 za ka\u017cd\u0105 wielko\u015b\u0107 auta po wy\u017cej 10km od znaku <\/strong><\/h3>\n<h3 style=\"text-align: center;\"><strong>(2 strefa) wycena indywidualna.<\/strong><\/h3>\n<\/div>\n<h4 style=\"text-align: center;\">\ud83d\udea8\ud83d\udea8\ud83d\udea8 <strong data-start=\"154\" data-end=\"193\">POGOTOWIE TRAGARSKIE \u2013 TRAGARZE 24h<\/strong> \ud83d\udea8\ud83d\udea8\ud83d\udea8<br data-start=\"197\" data-end=\"200\" \/><strong>Potrzebujesz szybkiej, bezpiecznej i fachowej pomocy przy przenoszeniu ci\u0119\u017ckich lub nietypowych przedmiot\u00f3w<\/strong><\/h4>\n<h4 style=\"text-align: center;\">\ud83d\udcb0 <strong>Ceny zaczynaj\u0105 si\u0119 ju\u017c od 150 z\u0142, jednak ka\u017cd\u0105 us\u0142ug\u0119 wyceniamy indywidualnie, w zale\u017cno\u015bci od rodzaju przedmiotu, jego wagi, utrudnie\u0144 na ci\u0105gach komunikacyjnych ,gabaryt\u00f3w oraz stopnia trudno\u015bci prac.<\/strong><\/h4>\n<h4 style=\"text-align: center;\" data-start=\"399\" data-end=\"427\">\ud83d\udc77\u200d\u2642\ufe0f\ud83d\udcaa <strong>Specjalizujemy si\u0119 w wnoszeniu, znoszeniu oraz przestawianiu ci\u0119\u017ckich, gabarytowych i nietypowych przedmiot\u00f3w. Realizujemy zlecenia zwi\u0105zane z transportem i relokacj\u0105 mebli, AGD, paczek, urz\u0105dze\u0144 biurowych (XERO), laboratoryjnych i gastronomicznych, materia\u0142\u00f3w budowlanych (gres, spiek, p\u0142yty OSB, worki), wanien z konglomeratu i hydromasa\u017cem, jacuzzi, t\u0119\u017cni, piec\u00f3w, kot\u0142\u00f3w, bojler\u00f3w, sprz\u0119tu sportowego, eventowego oraz maszyn przemys\u0142owych.<\/strong><\/h4>\n<h4 style=\"text-align: center;\" data-start=\"399\" data-end=\"427\"><strong>Ponad to zajmujemy si\u0119 wnoszeniem znoszeniem po schodach motocykli i skuter\u00f3w<\/strong><\/h4>\n<div>\n<h2 style=\"text-align: center;\">\ud83d\ude9a\ud83d\ude90 Cennik Transportu i Przeprowadzek<\/h2>\n<p style=\"text-align: center;\"><strong>\ud83d\udec8Cennik obowi\u0105zuje pn\u2013pt. przy opcji weekend:+20 z\u0142 do pierwszej godziny startowej.<\/strong><\/p>\n<p style=\"text-align: center;\"><strong>\ud83d\udec8Przy przeprowadzkach w opcji z 3 osobami pierwsza godzina startowa: +20 z\u0142.<\/strong><\/p>\n<h1 style=\"text-align: center;\">\ud83d\udfe9 STREFA 1 \u2013 OBSZAR PODSTAWOWY WARSZAWA<\/h1>\n<p style=\"text-align: center;\"><strong>\u2714 Warszawa \u2013 podstawowy obszar realizacji us\u0142ug dojazd w cenie Ca\u0142a Warszawa<\/strong><\/p>\n<hr \/>\n<h2>\ud83d\ude90 AUTO TYPU FURGON \u2013 <strong>13 m\u00b3 <\/strong><strong>Wymiary:<\/strong> d\u0142. <strong>3,70 m<\/strong> | wys. <strong>1,88 m<\/strong> | szer. <strong>1,75 m<\/strong><\/h2>\n<table>\n<thead>\n<tr>\n<th>Rodzaj us\u0142ugi<\/th>\n<th>Zakres us\u0142ugi<\/th>\n<th>Czas<\/th>\n<th>Cena<\/th>\n<\/tr>\n<\/thead>\n<tbody>\n<tr>\n<td><strong>Transport ekonomiczny tanio<\/strong><\/td>\n<td><strong>Baga\u017c\u00f3wka bez pomocy przy za\u0142adunku\/roz\u0142adunku\u00a0 \u00a0 \u00a0 \u00a0 \u00a0 \u00a0 \u00a0 \u00a0 \u00a0<em>(kierowca zabezpiecza mienia na przestrzeni \u0142adunkowej)<\/em><\/strong><\/td>\n<td><strong>bez minimum<\/strong><\/td>\n<td><strong>od 150 z\u0142<\/strong><\/td>\n<\/tr>\n<tr>\n<td><strong>Przeprowadzka \/ Transport \u2013 kierowca<\/strong><\/td>\n<td><strong>Pomoc kierowcy na ka\u017cdym etapie (za\u0142adunek\/roz\u0142adunek)<\/strong><\/td>\n<td><strong>bez minimum<\/strong><\/td>\n<td><strong>od 170 z\u0142\/h<\/strong><\/td>\n<\/tr>\n<tr>\n<td><strong>Przeprowadzka \/ Transport \u2013 2 osoby (ekspress)<\/strong><\/td>\n<td><strong>Pe\u0142na obs\u0142uga za\u0142adunku\/roz\u0142adunku<\/strong><\/td>\n<td><strong>do 1h.<\/strong><\/td>\n<td><strong>230 z\u0142<\/strong><\/td>\n<\/tr>\n<tr>\n<td><strong>Przeprowadzka \/ Transport \u2013 2 osoby<\/strong><\/td>\n<td><strong>Pe\u0142na obs\u0142uga za\u0142adunku\/roz\u0142adunku<\/strong><\/td>\n<td><strong>powy\u017cej 1h.<\/strong><\/td>\n<td><strong>od 200 z\u0142\/h<\/strong><\/td>\n<\/tr>\n<tr>\n<td><strong>Przeprowadzka \/ Transport \u2013 3 osoby<\/strong><\/td>\n<td><strong>Pe\u0142na obs\u0142uga za\u0142adunku\/roz\u0142adunku<\/strong><\/td>\n<td><strong>powy\u017cej 1h.<\/strong><\/td>\n<td><strong>od 240 z\u0142\/h<\/strong><\/td>\n<\/tr>\n<\/tbody>\n<\/table>\n<hr \/>\n<h3 style=\"text-align: center;\">\ud83d\ude9a AUTO TYPU KONTENER (MEBLOW\u00d3Z ) \u2013 <strong>23 m\u00b3 <\/strong><strong>Wymiary:<\/strong> d\u0142. <strong>4,30 m<\/strong> | wys. <strong>2,25 m<\/strong> | szer. <strong>2,15 m<\/strong><\/h3>\n<table style=\"height: 102px;\" width=\"809\">\n<thead>\n<tr>\n<th>Rodzaj us\u0142ugi<\/th>\n<th>Zakres us\u0142ugi<\/th>\n<th>Czas<\/th>\n<th>Cena<\/th>\n<\/tr>\n<\/thead>\n<tbody>\n<tr>\n<td><strong>Transport\/baga\u017c\u00f3wka ekspress\u20132 osoby<\/strong><\/td>\n<td><strong>Pe\u0142na obs\u0142uga za\u0142adunku\/roz\u0142adunku<\/strong><\/td>\n<td><strong>\u00a0do 1h.<\/strong><\/td>\n<td><strong>280 z\u0142<\/strong><\/td>\n<\/tr>\n<tr>\n<td><strong>Przeprowadzka \/ Transport \u2013 2 osoby<\/strong><\/td>\n<td><strong>Pe\u0142na obs\u0142uga za\u0142adunku\/roz\u0142adunku<\/strong><\/td>\n<td><strong>powy\u017cej 1h.<\/strong><\/td>\n<td><strong>od 240 z\u0142\/h<\/strong><\/td>\n<\/tr>\n<tr>\n<td><strong>Przeprowadzka \/ Transport \u2013 3 osoby<\/strong><\/td>\n<td><strong>Pe\u0142na obs\u0142uga za\u0142adunku\/roz\u0142adunku<\/strong><\/td>\n<td><strong>powy\u017cej 1h.<\/strong><\/td>\n<td><strong>od 280 z\u0142\/h<\/strong><\/td>\n<\/tr>\n<\/tbody>\n<\/table>\n<hr \/>\n<h2 style=\"text-align: center;\">\ud83d\ude9a\ud83d\ude90 2 AUTA JEDNOCZE\u015aNIE (KONTENER + FURGON)<\/h2>\n<table>\n<thead>\n<tr>\n<th>Rodzaj us\u0142ugi<\/th>\n<th>Zakres us\u0142ugi<\/th>\n<th>Czas minimalny<\/th>\n<th>Cena<\/th>\n<\/tr>\n<\/thead>\n<tbody>\n<tr>\n<td><strong>Przeprowadzka \/ Transport \u2013 4os.<\/strong><\/td>\n<td><strong>2 auta +za\u0142oga 4 osoby, pe\u0142na obs\u0142uga za\u0142adunku\/roz\u0142adunku<\/strong><\/td>\n<td><strong>min. 3h<\/strong><\/td>\n<td><strong>470 z\u0142\/h<\/strong><\/td>\n<\/tr>\n<\/tbody>\n<\/table>\n<hr \/>\n<h3 style=\"text-align: center;\">\ud83d\udc49Transport nietypowych i ci\u0119\u017ckich \u0142adunk\u00f3w wyceniamy indywidualnie!<\/h3>\n<h3 style=\"text-align: center;\">Je\u017celi masz do przewiezienia co\u015b, czego <strong data-start=\"228\" data-end=\"272\">nie da si\u0119 przetransportowa\u0107 standardowo<\/strong>?<\/h3>\n<h3 style=\"text-align: center;\"><strong>Oferujemy specjalistyczny transport przedmiot\u00f3w wymagaj\u0105cych wyj\u0105tkowej ostro\u017cno\u015bci, si\u0142y oraz do\u015bwiadczenia z pe\u0142nym zabezpieczeniem i dba\u0142o\u015bci\u0105 o ka\u017cdy detal.<\/strong><\/h3>\n<\/div>\n<p style=\"text-align: center;\"><strong>\u2705 instrumenty muzyczne\/rze\u017aby, dzie\u0142a sztuki, eksponaty\/elementy szklane\/ sprz\u0119t sportowy\/motocykle,skutery,quady\/sejfy\/szafy ch\u0142odnicze klimatyzatory\/inne przedmioty wielkogabarytowe i nietypowe<\/strong><\/p>\n<div>\n<h3 style=\"text-align: center;\">\u2139\ufe0f Informacja dodatkowa<\/h3>\n<p style=\"text-align: center;\">\u2705 <strong>W cenie ka\u017cdej realizacji z pomoc\u0105 naszych pracownik\u00f3w:<\/strong><\/p>\n<ul style=\"text-align: center;\">\n<li><strong>zabezpieczenie mienia foli\u0105 stretch w\u00f3zki transportowe<\/strong><\/li>\n<\/ul>\n<h3 style=\"text-align: center;\" data-start=\"334\" data-end=\"412\">\ud83e\uddf0 Wynajem pojemnik\u00f3w transportowych do przeprowadzki \u2013 ca\u0142a Warszawa<\/h3>\n<p style=\"text-align: center;\" data-start=\"414\" data-end=\"655\"><strong data-start=\"414\" data-end=\"491\">Oferujemy wynajem pojemnik\u00f3w transportowych do przeprowadzki DOOR TO DOOR<\/strong> \u2013 z <strong data-start=\"496\" data-end=\"537\">dostaw\u0105 i odbiorem pod wskazany adres<\/strong>.<br data-start=\"538\" data-end=\"541\" \/>To <strong data-start=\"544\" data-end=\"605\">nowoczesna, wygodna i bezpieczna alternatywa dla karton\u00f3w<\/strong> podczas przeprowadzki mieszkania, domu lub biura.<\/p>\n<p style=\"text-align: center;\" data-start=\"657\" data-end=\"784\">\ud83d\udfe9 <strong data-start=\"660\" data-end=\"679\">Dost\u0119pna ilo\u015b\u0107:<\/strong> <strong>od 10 do 60 sztuk<\/strong><br data-start=\"701\" data-end=\"704\" \/>\ud83d\udfe9 <strong data-start=\"707\" data-end=\"724\">Czas wynajmu:<\/strong> <strong>od 7 do 14 dni<\/strong><br data-start=\"743\" data-end=\"746\" \/>\ud83d\udfe9 <strong data-start=\"749\" data-end=\"758\">Cena:<\/strong> <strong>ju\u017c od 170 z\u0142 netto<\/strong><\/p>\n<h3 style=\"text-align: center;\" data-start=\"870\" data-end=\"914\">\u2705 \u267b\ufe0fDlaczego warto wybra\u0107 nasze pojemniki?<\/h3>\n<p style=\"text-align: center;\" data-start=\"916\" data-end=\"1232\">\u2714 <strong data-start=\"918\" data-end=\"967\">Wytrzyma\u0142e i odporne na warunki atmosferyczne<\/strong><br data-start=\"967\" data-end=\"970\" \/>\u2714 <strong data-start=\"972\" data-end=\"992\">Zamykane od g\u00f3ry<\/strong> \u2013 bezpiecze\u0144stwo Twoich rzeczy<br data-start=\"1023\" data-end=\"1026\" \/>\u2714 <strong data-start=\"1028\" data-end=\"1064\">Dezynfekowane po ka\u017cdym wynajmie<\/strong><br data-start=\"1064\" data-end=\"1067\" \/>\u2714 <strong data-start=\"1069\" data-end=\"1101\">Etykiety do opisu zawarto\u015bci<\/strong> \u2013 porz\u0105dek i \u0142atwe rozpakowanie<br data-start=\"1133\" data-end=\"1136\" \/>\u2714 Idealne do <strong data-start=\"1149\" data-end=\"1189\">przeprowadzek mieszka\u0144, dom\u00f3w i biur<\/strong><br data-start=\"1189\" data-end=\"1192\" \/>\u2714 Brak konieczno\u015bci kupowania karton\u00f3w \ud83c\udf0d \u2013 dbamy o \u015brodowisko<\/p>\n<p style=\"text-align: center;\" data-start=\"1234\" data-end=\"1358\">\ud83d\udc49 Nasze pojemniki transportowe sprawdzaj\u0105 si\u0119 zar\u00f3wno przy ma\u0142ych przeprowadzkach, jak i kompleksowych relokacjach.<\/p>\n<hr data-start=\"1360\" data-end=\"1363\" \/>\n<h2 style=\"text-align: center;\" data-start=\"1365\" data-end=\"1420\">\ud83d\udfe6US\u0141UGI PRZEPROWADZKOWE \u2013 WYCENA BEZP\u0141ATNA<\/h2>\n<h3 style=\"text-align: center;\" data-start=\"1422\" data-end=\"1488\">\ud83c\udfe0 Us\u0142ugi, kt\u00f3re wyceniamy <strong data-start=\"1453\" data-end=\"1488\">bezp\u0142atnie u klienta na miejscu<\/strong><\/h3>\n<p style=\"text-align: center;\" data-start=\"1490\" data-end=\"1587\">\ud83d\udfe7 <strong data-start=\"1493\" data-end=\"1532\">Przeprowadzki kompleksowe od A do Z<\/strong><br data-start=\"1532\" data-end=\"1535\" \/>\u2013 pakowanie, zabezpieczenie, transport, roz\u0142adunek<\/p>\n<p style=\"text-align: center;\" data-start=\"1589\" data-end=\"1704\">\ud83d\udfe7 <strong data-start=\"1592\" data-end=\"1634\">Przeprowadzki z Warszawy \u2013 ca\u0142a Polska<\/strong><br data-start=\"1634\" data-end=\"1637\" \/>\u2013 poza systemem godzinowym<strong> (<\/strong><strong data-start=\"1668\" data-end=\"1704\">cena ustalana jest za ca\u0142e zlecenia)<\/strong><\/p>\n<p style=\"text-align: center;\" data-start=\"1706\" data-end=\"1744\">\ud83d\udfe7 <strong data-start=\"1709\" data-end=\"1742\">Du\u017ce kompleksowe opr\u00f3\u017cnianie pomieszcze\u0144\ud83e\uddf9\u2728:\u00a0<\/strong><\/p>\n<p style=\"text-align: center;\" data-start=\"1747\" data-end=\"1757\">mieszka\u0144 dom\u00f3w piwnic boks\u00f3w gara\u017cy biur firm sklep\u00f3w<\/p>\n<h2 style=\"text-align: center;\" data-start=\"1908\" data-end=\"1959\">\ud83d\udfe6POZOSTA\u0141E US\u0141UGI \u2013 WARSZAWA I OKOLICE<\/h2>\n<p style=\"text-align: center;\" data-start=\"1961\" data-end=\"1997\">\u015awiadczymy r\u00f3wnie\u017c us\u0142ugi takie jak:<\/p>\n<p style=\"text-align: center;\" data-start=\"1999\" data-end=\"2093\">\u2714 przeprowadzki lokalne<br data-start=\"2022\" data-end=\"2025\" \/>\u2714 transport<br data-start=\"2036\" data-end=\"2039\" \/>\u2714 us\u0142ugi tragarzy<br data-start=\"2056\" data-end=\"2059\" \/>\u2714 przemeblowania<br data-start=\"2075\" data-end=\"2078\" \/>\u2714 wyw\u00f3z mebli<\/p>\n<p style=\"text-align: center;\" data-start=\"2095\" data-end=\"2216\">\ud83d\udccc <strong data-start=\"2098\" data-end=\"2164\">Wyw\u00f3z mebli \/ opr\u00f3\u017cnianie mieszka\u0144, dom\u00f3w, piwnic, biur i firm<\/strong><br data-start=\"2164\" data-end=\"2167\" \/>\u27a1\ufe0f <strong data-start=\"2170\" data-end=\"2216\">Cena ustalana jest indywidualnie podczas wyceny<\/strong><\/p>\n<p style=\"text-align: center;\" data-start=\"2218\" data-end=\"2249\"><strong>Na koszt us\u0142ugi wp\u0142ywa m.in.: stopie\u0144 zaawansowania zlecenia, liczba pracownik\u00f3w, rodzaj pojazdu, utrudnienia<\/strong><\/p>\n<hr data-start=\"2379\" data-end=\"2382\" \/>\n<h2 style=\"text-align: center;\" data-start=\"2384\" data-end=\"2421\">\ud83d\udfe6 US\u0141UGI DODATKOWO P\u0141ATNE<\/h2>\n<p style=\"text-align: center;\" data-start=\"2423\" data-end=\"2482\">\u26a0\ufe0f Us\u0142ugi, o kt\u00f3rych klient <strong data-start=\"2451\" data-end=\"2481\">nie poinformowa\u0142 wcze\u015bniej niezwi\u0105zane z transportem<\/strong>:<\/p>\n<p style=\"text-align: center;\" data-start=\"2484\" data-end=\"2560\">\ud83d\udd38 <strong data-start=\"2487\" data-end=\"2514\">Demonta\u017c \/ monta\u017c mebli<\/strong> w trakcie realizacji \u27a1\ufe0fod <strong data-start=\"2544\" data-end=\"2560\">+50 z\u0142 netto<\/strong><\/p>\n<p style=\"text-align: center;\" data-start=\"2562\" data-end=\"2729\">\ud83d\udd38 <strong data-start=\"2565\" data-end=\"2597\">Wynoszenie mebli na gabaryty \u27a1\ufe0f od +50 z\u0142 netto<\/strong><\/p>\n<p style=\"text-align: center;\" data-start=\"2562\" data-end=\"2729\">\ud83d\udd38<strong>przenoszenie mebli, gabaryt\u00f3w,przemeblowanie pomieszcze\u0144 \u27a1\ufe0f od +50 z\u0142 netto<\/strong><\/p>\n<p style=\"text-align: center;\" data-start=\"2562\" data-end=\"2729\">\ud83d\udd38 przestawianie przenoszenie ci\u0119\u017ckich gabaryt\u00f3w jak instrumenty sejfy urz\u0105dzenia \u27a1\ufe0f od <strong data-start=\"2713\" data-end=\"2729\">+150 z\u0142 netto<\/strong><\/p>\n<hr data-start=\"2731\" data-end=\"2734\" \/>\n<h2 style=\"text-align: center;\" data-start=\"2736\" data-end=\"2771\">\ud83d\udfe5 WA\u017bNA INFORMACJA DLA KLIENT\u00d3W<\/h2>\n<p style=\"text-align: center;\" data-start=\"2773\" data-end=\"2842\">\u23f1\ufe0f <strong data-start=\"2776\" data-end=\"2842\">Szanujemy czas naszych klient\u00f3w \u2013 prosimy o wzajemny szacunek.<\/strong><\/p>\n<p style=\"text-align: center;\" data-start=\"2844\" data-end=\"2960\">\u2757 <strong data-start=\"2846\" data-end=\"2869\">Op\u0142ata 150 z\u0142 netto<\/strong> za przyjazd:<br data-start=\"2882\" data-end=\"2885\" \/>\u2013 w przypadku rezygnacji z us\u0142ugi, gdy jeste\u015bmy ju\u017c na miejscu lub doje\u017cd\u017camy na miejsce.<\/p>\n<p style=\"text-align: center;\" data-start=\"2962\" data-end=\"3138\">\u2757 <strong data-start=\"2964\" data-end=\"3013\">Nie \u015bwiadczymy us\u0142ug w lokalach zarobaczonych <\/strong>nie przewozimy ani nie wynosimy takich rzeczy<br data-start=\"3063\" data-end=\"3066\" \/>\u2013 w przypadku stwierdzenia zarobaczenia na miejscu: <strong data-start=\"3105\" data-end=\"3138\">op\u0142ata 100 z\u0142 netto za dojazd bez pr\u00f3by wynoszenia<\/strong><\/p>\n<hr data-start=\"3140\" data-end=\"3143\" \/>\n<h3 style=\"text-align: center;\" data-start=\"3145\" data-end=\"3170\">\u2139\ufe0f Informacja ko\u0144cowa<\/h3>\n<h2 style=\"text-align: center;\" data-start=\"2736\" data-end=\"2771\"><strong data-start=\"3171\" data-end=\"3213\">Wszystkie podane ceny s\u0105 cenami netto.<\/strong><\/h2>\n<p style=\"text-align: center;\"><strong>\u26a0\ufe0fPami\u0119taj! \u017ce podane kwoty maj\u0105 charakter informacyjny i nie stanowi\u0105 oferty handlowej w rozumieniu art. 66 \u00a71<\/strong><\/p>\n<p style=\"text-align: center;\"><strong>Kodeksu cywilnego. Ko\u0144cowa cena zawsze zale\u017cy od zakresu us\u0142ugi warunk\u00f3w na miejscu i specyfiki us\u0142ugi.<\/strong><\/p>\n<h2 style=\"text-align: center;\">Zach\u0119camy do korzystania z naszych us\u0142ug \u2013 fairplay-przeprowadzki.pl<\/h2>\n<h3 style=\"text-align: center;\">dbaj\u0105c o mienie klient\u00f3w i terminowo\u015b\u0107 wszystkich naszych us\u0142ug!<\/h3>\n<h3 style=\"text-align: center;\">Nasze godziny pracy:<\/h3>\n<h3 style=\"text-align: center;\">Poniedzia\u0142ek \u2013 Niedziela pracujemy ca\u0142odobowo 24h\/365dni<\/h3>\n<h2 style=\"text-align: center;\">Zadzwo\u0144 ju\u017c teraz POGOTOWIE 24h. 694 043 084, 516 535 392<\/h2>\n<h3 style=\"text-align: center;\">Odpisujemy na wiadomo\u015bci sms \/ We respond to text messages.<\/h3>\n<h3 style=\"text-align: center;\">(Serdecznie zapraszamy do kontaktu sms osoby nies\u0142ysz\u0105ce)<strong><br \/>\n<\/strong><\/h3>\n<\/div>\n","protected":false},"excerpt":{"rendered":"<p>\ud83d\udfe6 PROFESJONALNE US\u0141UGI TRANSPORTOWE \ud83d\ude9a\ud83d\udce6 Transport i przeprowadzki bez ukrytych koszt\u00f3w \u2013 Warszawa i okolice Oferujemy profesjonalne us\u0142ugi transportowe i przeprowadzkowe 365 dni w roku, 24 godziny na dob\u0119.Dzia\u0142amy szybko, rzetelnie i uczciwie \u2013 bez ukrytych koszt\u00f3w i dodatkowych op\u0142at, kt\u00f3re cz\u0119sto zaskakuj\u0105 klient\u00f3w u konkurencji. \u2705\ud83d\udee1\ufe0f\ud83d\udcc4 JAKO NIELICZNI POSIADAMY POLIS\u0118 OC FIRMY \u2013 bo [&hellip;]<\/p>\n","protected":false},"author":1,"featured_media":0,"parent":0,"menu_order":0,"comment_status":"closed","ping_status":"closed","template":"","meta":{"_et_pb_use_builder":"on","_et_pb_old_content":"","_et_gb_content_width":"","_exactmetrics_skip_tracking":false,"_exactmetrics_sitenote_active":false,"_exactmetrics_sitenote_note":"","_exactmetrics_sitenote_category":0,"footnotes":""},"class_list":["post-74","page","type-page","status-publish","hentry"],"_links":{"self":[{"href":"https:\/\/fairplay-przeprowadzki.pl\/index.php\/wp-json\/wp\/v2\/pages\/74","targetHints":{"allow":["GET"]}}],"collection":[{"href":"https:\/\/fairplay-przeprowadzki.pl\/index.php\/wp-json\/wp\/v2\/pages"}],"about":[{"href":"https:\/\/fairplay-przeprowadzki.pl\/index.php\/wp-json\/wp\/v2\/types\/page"}],"author":[{"embeddable":true,"href":"https:\/\/fairplay-przeprowadzki.pl\/index.php\/wp-json\/wp\/v2\/users\/1"}],"replies":[{"embeddable":true,"href":"https:\/\/fairplay-przeprowadzki.pl\/index.php\/wp-json\/wp\/v2\/comments?post=74"}],"version-history":[{"count":106,"href":"https:\/\/fairplay-przeprowadzki.pl\/index.php\/wp-json\/wp\/v2\/pages\/74\/revisions"}],"predecessor-version":[{"id":590,"href":"https:\/\/fairplay-przeprowadzki.pl\/index.php\/wp-json\/wp\/v2\/pages\/74\/revisions\/590"}],"wp:attachment":[{"href":"https:\/\/fairplay-przeprowadzki.pl\/index.php\/wp-json\/wp\/v2\/media?parent=74"}],"curies":[{"name":"wp","href":"https:\/\/api.w.org\/{rel}","templated":true}]}}