{"id":300,"date":"2018-07-30T22:36:35","date_gmt":"2018-07-30T20:36:35","guid":{"rendered":"http:\/\/fairplay-przeprowadzki.pl\/?page_id=300"},"modified":"2018-10-06T19:53:02","modified_gmt":"2018-10-06T17:53:02","slug":"faq-przeprowadzki","status":"publish","type":"page","link":"https:\/\/fairplay-przeprowadzki.pl\/index.php\/faq-przeprowadzki\/","title":{"rendered":"FAQ &#8211; przeprowadzki"},"content":{"rendered":"<p>[et_pb_section fb_built=&#8221;1&#8243; admin_label=&#8221;section&#8221; _builder_version=&#8221;3.0.47&#8243;][et_pb_row admin_label=&#8221;row&#8221; _builder_version=&#8221;3.0.47&#8243; background_size=&#8221;initial&#8221; background_position=&#8221;top_left&#8221; background_repeat=&#8221;repeat&#8221;][et_pb_column type=&#8221;4_4&#8243; _builder_version=&#8221;3.0.47&#8243; parallax=&#8221;off&#8221; parallax_method=&#8221;on&#8221;][et_pb_text admin_label=&#8221;FAQ &#8211; przeprowadzki-Transport-Tragarze&#8221; _builder_version=&#8221;3.0.91&#8243; background_size=&#8221;initial&#8221; background_position=&#8221;top_left&#8221; background_repeat=&#8221;repeat&#8221;]<\/p>\n<p>&nbsp;<\/p>\n<div class=\"et_pb_text et_pb_module et_pb_bg_layout_light et_pb_text_align_left  et_pb_text_0\">\n<div class=\"et_pb_text_inner\">\n<p><strong>FAQ \u2013 <\/strong><strong>Przeprowadzki -Transport-Tragarze<\/strong><\/p>\n<p><strong>Od czego najlepiej zacz\u0105\u0107 moj\u0105 przeprowadzk\u0119? \u00a0Jak przygotowa\u0107 mam si\u0119 do przeprowadzki? Czy zabezpieczamy meble i inne rzeczy?, Czy dostarczacie kartony?\u00a0 <\/strong><strong>Czy przeprowadzki mi\u0119dzymiastowe s\u0105\u00a0 wyceniane indywidualnie? <\/strong><strong>Jaka jest forma p\u0142atno\u015bci?<\/strong><\/p>\n<p><strong>Na te i inne pytania znajdziesz odpowied\u017a \u00a0poni\u017cej Zapraszamy<\/strong><\/p>\n<ol>\n<li><strong> <\/strong>Jak przygotowa\u0107 si\u0119 do Przeprowadzki, Transportu\u2026? Spokojnie zaplanuj swoj\u0105 przeprowadzk\u0119 bez stresu zastan\u00f3w si\u0119 od czego zacz\u0105\u0107 \u2026 we\u017a kartk\u0119 i d\u0142ugopis.<\/li>\n<li><strong> <\/strong>Zapisz co spakujesz we w\u0142asnym zakresie a co b\u0119dziemy mieli my wykona\u0107 czy mo\u017ce mamy jako firma zaj\u0105\u0107 si\u0119 te\u017c pakowaniem drobnych rzeczy r\u00f3wnie\u017c.<strong><\/strong><\/li>\n<li>Zastan\u00f3w si\u0119, co wykonasz samodzielnie czy zabezpieczysz meble sam czy mamy zrobi\u0107 to za ciebie.<\/li>\n<li>Wycena przeprowadzki, transportu czy us\u0142ugi tragarskiej jak to zrobi\u0107?<\/li>\n<\/ol>\n<p>Je\u017celi chc\u0105 Pa\u0144stwo us\u0142ugi w stawce godzinowej to nie jest potrzebna wycena takie us\u0142ugi wykonujemy w systemie godzinowym na terenie ca\u0142ej warszawy i okolic.<\/p>\n<ol start=\"3\">\n<li><strong> Wycena przeprowadzki mi\u0119dzymiastowej z warszawy do dowolnego miasta w Polsce czy na odwr\u00f3t miasta do warszawy?<\/strong><\/li>\n<\/ol>\n<p><strong>Je\u017celi przeprowadzka jest \u00a0w warszawie<\/strong> to nasz pracownik przyjedzie na ca\u0142kowicie bezp\u0142atn\u0105 wycen\u0119\u00a0 bez zobowi\u0105za\u0144 po zapoznaniu si\u0119 z ilo\u015bci\u0105 mienia \u00a0czy te\u017c po wycenie foto \/wycena do 30min.od wizyty.<\/p>\n<p><strong>Je\u017celi przeprowadzka ma by\u0107 w innym mie\u015bcie na terenie Polski <\/strong><strong>do warszawy <\/strong><\/p>\n<p>prze\u015blij nam dok\u0142adn\u0105 informacj\u0119 z list\u0105 rzeczy do przeprowadzki i zakres swoich oczekiwa\u0144. Najpewniejszym\u00a0 sposobem na wycen\u0119 takiej przeprowadzki mi\u0119dzymiastowej jest za\u0142\u0105czenie dodatkowych zdj\u0119\u0107 MMS\/ FOTO oraz dok\u0142adnym opisem wagi tych rzeczy.<\/p>\n<p>Prosimy o podanie bardzo wa\u017cnej informacji z jakiej lokalizacji chc\u0105 Pa\u0144stwo si\u0119 przeprowadzi\u0107, jakie utrudnienia mog\u0105 nas spotka\u0107 czy podjazd jest pod sam\u0105 klatk\u0119, jakie s\u0105 ograniczenia wysoko\u015bci i szeroko\u015bci czy jest to wjazd do bramy czy jest dost\u0119pne miejsce na czas przeprowadzki, Czy w budynkach s\u0105 windy a jak nie ma to kt\u00f3re jest to pi\u0119tro!<\/p>\n<p><strong>Warszawa \/ przeprowadzki biur ,firm, instytucji dom\u00f3w du\u017cych mieszka\u0144 wycena indywidualna bez naliczania godzinowego ?<\/strong><\/p>\n<ul>\n<li><strong>Przez telefon<\/strong> \u2013 podczas rozmowy z naszym pracownikiem zadamy Pa\u0144stwu kilka pyta\u0144, kt\u00f3re pozwol\u0105 nam oceni\u0107 wielko\u015b\u0107 i zakres us\u0142ugi przeprowadzki.<\/li>\n<li><strong>Wycena przez formularz kontaktowy<\/strong>\u00a0<strong>na naszej stronie z zak\u0142adce kontakt<\/strong><\/li>\n<li>\u2013 Opisz nam zakres swojej przeprowadzki, podaj nam szczeg\u00f3\u0142owe informacje jak: termin, kto mia\u0142by zaj\u0105\u0107 si\u0119 pakowaniem karton\u00f3w, czy b\u0119d\u0105 Ci potrzebne\u00a0kartony? folia stercz, ta\u015bmy klej\u0105ce po naszej stronie strony! Bardzo wa\u017cn\u0105 informacj\u0105 jest r\u00f3wnie\u017c informacja kt\u00f3re pi\u0119tro, czy w budynku s\u0105 windy, jak z mo\u017cliwo\u015bci\u0105 podjazdu pod sam\u0105 klatk\u0119.<\/li>\n<li><strong>Bezp\u0142atna wycena u Pa\u0144stwa<\/strong> \u2013 to naj\u0142atwiejsza propozycja wyceny na spotkaniu otrzymaj\u0105 Pa\u0144stwo od naszej firmy niezobowi\u0105zuj\u0105c\u0105 wycen\u0119 do 30min.<\/li>\n<\/ul>\n<ol start=\"4\">\n<li><strong> <\/strong><strong>Czy wasza firma zapewni mi kartony oraz inne materia\u0142y do pakowania?<\/strong><\/li>\n<\/ol>\n<p>Tak przy wyborze us\u0142ugi kompleksowej bez stawki godzinowej w cen\u0119 b\u0119d\u0105 wliczone ju\u017c wszystkie potrzebne materia\u0142y do zabezpieczenia i spakowania.<\/p>\n<ol start=\"5\">\n<li><strong> <\/strong><strong>Z jakim wyprzedzeniem zam\u00f3wi\u0107 Przeprowadzk\u0119, Transport, Us\u0142ug\u0119 tragarsk\u0105?<\/strong><\/li>\n<\/ol>\n<p>Je\u017celi masz do przeprowadzenia, czy wniesienie mebli,gabaryt\u00f3w,zakup\u00f3w czy te\u017c niewielk\u0105 ilo\u015b\u0107 rzeczy do przewiezienia, mo\u017cesz nas zam\u00f3wi\u0107 jeszcze dzi\u015b pracujemy 365dni w roku 24h. w zale\u017cno\u015bci od obci\u0105\u017cenia danego dnia mo\u017ce uda si\u0119 jeszcze dzi\u015b wykona\u0107 dla Ciebie zlecenie lub w dowolnym terminie dla ciebie.<\/p>\n<p>Wi\u0119ksze zlecenia mi\u0119dzymiastowe wymagaj\u0105 od firmy naszej szczeg\u00f3\u0142owego przygotowania najlepiej zam\u00f3wi\u0107 us\u0142ug\u0119 oko\u0142o 5 dniu wcze\u015bniej to termin bezpieczny.<\/p>\n<p><strong>6.Ile potrwa moja przeprowadzka?<\/strong><\/p>\n<p>Na czas przeprowadzki ma wp\u0142yw: odleg\u0142o\u015b\u0107 od klatki do auta, dost\u0119p wind, brak windy,ilo\u015b\u0107 pi\u0119ter, ilo\u015b\u0107 rzeczy, wyb\u00f3r auta, ilo\u015b\u0107 pracownik\u00f3w.<\/p>\n<ol start=\"7\">\n<li><strong> Co obejmuje zakres ubezpieczenia firmy?<\/strong><\/li>\n<\/ol>\n<p>Nasze ubezpieczenie OC obejmuje za\u0142adunki, roz\u0142adunki ,us\u0142ugi zwi\u0105zane z przeprowadzkami oraz mienie przeprowadzanych klient\u00f3w.<\/p>\n<p>\u0141\u0105czna kwota <strong>gwarancyjna polis wynosi 200 000 PLN.<\/strong><\/p>\n<ol start=\"8\">\n<li><strong> Czy wasi pracownicy demontujecie i montujecie meble, sprz\u0119t AGD?<\/strong><\/li>\n<\/ol>\n<p>Podczas przeprowadzki nasi pracownicy rozmontuj\u0105 oraz zmontuj\u0105 meble, pod\u0142\u0105czymy sprz\u0119t RTV i AGD w zakresie podstawowym w cenie us\u0142ugi.<\/p>\n<p><strong>Nasza firma realizuje r\u00f3wnie\u017c Us\u0142ugi tragarskie oraz inne prace pomocnicze<\/strong> <strong>przemeblowania.<\/strong><\/p>\n<ol start=\"9\">\n<li><strong> Jakie posiadacie rodzaje pojazd\u00f3w oraz sprz\u0119t u\u0142atwiaj\u0105cy wykonanie mojej przeprowadzki .<\/strong><\/li>\n<\/ol>\n<p><strong>Nasza firma posiada pojazdy przystosowane do wykonywania us\u0142ug (furgon, blaszak, bus d\u0142.3,60xwys.1,90xszer.1,75 \/ wymiary wysoko\u015b\u0107 ca\u0142kowita na zewn\u0105trz 2,80m , <\/strong><strong>Citroen Jumper, Fiat Ducato 23m3 (Kontener meblow\u00f3z d\u0142.4,30xwys.2,30xszer.2,20\/ wymiary wysoko\u015b\u0107 ca\u0142kowita na zewn\u0105trz 3,45m)<\/strong><\/p>\n<p><strong>10.Przewozimy \u0142adunki od 10kg do 1500kg<\/strong><\/p>\n<p><strong>11.Podczas realizacji naszych us\u0142ug wspomagamy si\u0119:<\/strong> w\u00f3zkami platformowymi, schodowymi 2 rodzaje, koce filcowe pasy szelkowe do przenoszenia ci\u0119\u017ckich gabaryt\u00f3w mebli i urz\u0105dze\u0144,pasy transportowe do zabezpieczania \u0142adunku w trakcie transportu na pojazdach.<\/p>\n<p><strong>Na \u017cyczenie zabieramy na auto najazd motocyklowy do 300kg.<\/strong><\/p>\n<ol start=\"11\">\n<li><strong> 12. W jaki spos\u00f3b mog\u0119 dokona\u0107 p\u0142atno\u015bci?<\/strong><\/li>\n<\/ol>\n<p><strong>Za wykonan\u0105 us\u0142ug\u0119 przeprowadzki, Transportu czy us\u0142ugi tragarskiej , mo\u017cesz zap\u0142aci\u0107:<\/strong><\/p>\n<ul>\n<li>Got\u00f3wk\u0105 po wykonaniu us\u0142ugi p\u0142atno\u015b\u0107 u kierowcy.<\/li>\n<li>Na us\u0142ug\u0119 wystawiamy rachunek w cenie brutto.<\/li>\n<\/ul>\n<\/div>\n<\/div>\n<p>&nbsp;<\/p>\n<p>[\/et_pb_text][\/et_pb_column][\/et_pb_row][\/et_pb_section]<\/p>\n","protected":false},"excerpt":{"rendered":"<p>[et_pb_section fb_built=&#8221;1&#8243; admin_label=&#8221;section&#8221; _builder_version=&#8221;3.0.47&#8243;][et_pb_row admin_label=&#8221;row&#8221; _builder_version=&#8221;3.0.47&#8243; background_size=&#8221;initial&#8221; background_position=&#8221;top_left&#8221; background_repeat=&#8221;repeat&#8221;][et_pb_column type=&#8221;4_4&#8243; _builder_version=&#8221;3.0.47&#8243; parallax=&#8221;off&#8221; parallax_method=&#8221;on&#8221;][et_pb_text admin_label=&#8221;FAQ &#8211; przeprowadzki-Transport-Tragarze&#8221; _builder_version=&#8221;3.0.91&#8243; background_size=&#8221;initial&#8221; background_position=&#8221;top_left&#8221; background_repeat=&#8221;repeat&#8221;] &nbsp; FAQ \u2013 Przeprowadzki -Transport-Tragarze Od czego najlepiej zacz\u0105\u0107 moj\u0105 przeprowadzk\u0119? \u00a0Jak przygotowa\u0107 mam si\u0119 do przeprowadzki? Czy zabezpieczamy meble i inne rzeczy?, Czy dostarczacie kartony?\u00a0 Czy przeprowadzki mi\u0119dzymiastowe s\u0105\u00a0 wyceniane indywidualnie? Jaka jest forma [&hellip;]<\/p>\n","protected":false},"author":2,"featured_media":0,"parent":0,"menu_order":0,"comment_status":"closed","ping_status":"closed","template":"","meta":{"_et_pb_use_builder":"on","_et_pb_old_content":"<h1 class=\"page-title\">FAQ - przeprowadzki-Transport-Tragarze<\/h1>\r\n<div class=\"content-element html_49\">\r\n<h3>Od czego zacz\u0105\u0107? Jak przygotowa\u0107 si\u0119 do przeprowadzki,transportu? Czy przeprowadzki mi\u0119dzymiastowe s\u0105\u00a0 wyceniane indywidualnie?<\/h3>\r\n<h3>Czy zabezpieczamy meble i inne rzeczy?, Czy dostarczacie kartony? ,<\/h3>\r\n<h3>Jak b\u0119dzie wygl\u0105da\u0142a moja przeprowadzka? ... na te i wiele innych pyta\u0144 znajdziesz odpowied\u017a w naszym dziale informacji -FAQ.<\/h3>\r\n<strong>1. jak przygotowa\u0107 si\u0119 do Przeprowadzki,Transportu...? <\/strong>Spokojnie zastan\u00f3w si\u0119 od czego zacz\u0105\u0107 ... pomy\u015bl, rozejrzyj si\u0119 zapisz na kartce. Zacznij od zaplanowania zakresu prac, ilo\u015bci mebli i rzeczy drobne do przeniesienia.Zastan\u00f3w si\u0119, co wykonasz samodzielnie czy zabezpieczysz meble sam czy chcesz aby wykona\u0142a to nasza firma za ciebie.\r\n\r\n<\/div>\r\n<div class=\"content-element html_49\">\r\n\r\n<strong>2. Wycena przeprowadzki,transportu,us\u0142ugi tragarskiej jak to zrobi\u0107? <\/strong>Je\u017celi chc\u0105 Pa\u0144stwo us\u0142ugi w stawce godzinowej to nie jest potrzebna wycena takie us\u0142ugi wykonujemy w systemie godzinowym na terenie ca\u0142ej warszawy i okolic.\r\n\r\n<strong>3. Wycena przeprowadzki mi\u0119dzymiastowej z warszawy do dowolnego miasta w Polsce czy z dowolnego miasta do warszawy?\r\n<\/strong>\r\n\r\n<strong>Je\u017celi jeste\u015b w warszawie<\/strong> to nasz pracownik przyjedzie na bezp\u0142atn\u0105 wycen\u0119 \/wycena od razu \/wycena po zapoznaniu si\u0119 z ilo\u015bci\u0105 mienia po wycenie foto \/wycena do 30min.od wizyty.\r\n\r\n<strong>Je\u017celi jeste\u015b w innym mie\u015bcie na terenie Polski <\/strong>i nie ma mo\u017cliwo\u015bci aby\u015bmy si\u0119 spotkali w celu ustalenia szczeg\u00f3\u0142\u00f3w przeprowadzki, prze\u015blij nam dok\u0142adn\u0105 list\u0119 rzeczy do przeprowadzki i zakres swoich oczekiwa\u0144. Najlepszym sposobem na wycen\u0119 przeprowadzki mi\u0119dzymiastowej jest za\u0142\u0105czenie dodatkowych zdj\u0119\u0107 foto oraz dok\u0142adnym spisem oraz opisem szacunkowej wagi rzeczy.\r\n\r\nNie zapomnij napisa\u0107 sk\u0105d dok\u0105d chcia\u0142by\u015b si\u0119 przeprowadzi\u0107,jaki jest z podjazdem pod sam\u0105 klatk\u0119,budynek oraz czy w budynkach s\u0105 windy a jak nie ma to kt\u00f3re jest to pi\u0119tro\r\n\r\n<strong> Warszawa \/ przeprowadzki biur,firm,instytucji wycena indywidualna bez naliczania godzinowego ?\r\n<\/strong>\r\n<ul>\r\n \t<li><strong>Przez telefon<\/strong> - zadamy kilka pyta\u0144, kt\u00f3re pozwol\u0105 nam oceni\u0107 wielko\u015b\u0107 i zakres przeprowadzki.<\/li>\r\n \t<li><strong>Przez formularz kontaktowy<\/strong>\u00a0 <strong>na naszej stronie<\/strong>- opisz nam zakres swojej przeprowadzki,podaj nam szczeg\u00f3\u0142owe informacje jak: termin, kto mia\u0142by zaj\u0105\u0107 si\u0119 pakowaniem karton\u00f3w, czy b\u0119d\u0105 Ci potrzebne\u00a0 kartony folia strecz ta\u015bmy klej\u0105ce z naszej strony? Bardzo wa\u017cn\u0105 informacj\u0105 jest r\u00f3wnie\u017c informacja kt\u00f3re pi\u0119tro, czy w budynku s\u0105 windy, jak z mo\u017cliwo\u015bci\u0105 podjazdu pod sam\u0105 klatk\u0119.<\/li>\r\n \t<li><strong>Spotkanie u Pa\u0144stwa w lokalu<\/strong> - to naj\u0142atwiejsza opcja wyceny. Po spotkaniu otrzymasz od nas do 30minut. wycen\u0119 bez zobowi\u0105za\u0144<\/li>\r\n<\/ul>\r\n<div>\r\n\r\n<strong>4. Czy firma zapewni mi kartony, folie oraz wszelkie materia\u0142y pakowe? <\/strong>Tak przy wyborze us\u0142ugi mi\u0119dzymiastowej czy po wycenie bez stawki godzinowej w cen\u0119 b\u0119d\u0105 wliczone ju\u017c wszystkie potrzebne materia\u0142y do zabezpieczenia i spakowania.\r\n<div>\r\n<div><strong>5. Z jakim wyprzedzeniem zam\u00f3wi\u0107 Przeprowadzk\u0119,Transport,Us\u0142ug\u0119 tragarsk\u0105?<\/strong><\/div>\r\n<div>Je\u017celi masz do przewiezienia ,przeprowadzenia,czy wniesienia rzeczy czy te\u017c niewielk\u0105 ilo\u015b\u0107 rzeczy do przewiezienia, przeprowadzk\u0119 mo\u017cesz zam\u00f3wi\u0107 jeszcze dzi\u015b pracujemy 365dni w roku 24h.<\/div>\r\n<div>w zale\u017cno\u015bci od obci\u0105\u017cenia dnia mo\u017ce uda si\u0119 jeszcze dzi\u015b lub w dowolnym terminie dla ciebie.<\/div>\r\n<div>Wi\u0119ksze zlecenia mi\u0119dzymiastowe wymagaj\u0105 od firmy przeprowadzkowej d\u0142u\u017cszego przygotowania najlepiej zam\u00f3wi\u0107 us\u0142ug\u0119 oko\u0142o 6 dniu wcze\u015bniej.<\/div>\r\n<div><\/div>\r\n<div><strong>6. Jak b\u0119dzie przebiega\u0107 moja przeprowadzka?<\/strong> Na czas przeprowadzki ma wp\u0142yw: odleg\u0142o\u015b\u0107 od klatki,dost\u0119p do wind,brak windy ,ilo\u015b\u0107 pi\u0119tr,ilo\u015b\u0107 rzeczy,wyb\u00f3r auta,ilo\u015b\u0107 pracownik\u00f3w.<strong>\r\n<\/strong><\/div>\r\n<div><\/div>\r\n<div><strong>7. Co obejmuje zakres ubezpieczenia firmy?<\/strong><\/div>\r\n<div>Nasze ubezpieczenie OC obejmuje za\u0142adunki, roz\u0142adunki ,us\u0142ugi zwi\u0105zane z przeprowadzkami oraz mienie przeprowadzanych klient\u00f3w.<\/div>\r\n<div>\u0141\u0105czna kwota gwarancyjna naszych podstawowej polis wynosi 200 000 PLN. Na \u017cyczenie klienta mo\u017cemy zwi\u0119kszy\u0107 warto\u015b\u0107 ochrony ubezpieczeniowej.<\/div>\r\n<div><\/div>\r\n<div><strong>8. Czy demontujecie i montujecie meble, AGD, RTV, karnisze, o\u015bwietlenie?<\/strong><\/div>\r\n<div>W ramach przeprowadzki za\u0142ogi rozmontuj\u0105 oraz zmontuj\u0105 meble, pod\u0142\u0105czymy sprz\u0119t RTV i AGD w zakresie podstawowym.Nasza firma realizuje r\u00f3wnie\u017c Us\u0142ugi tragarskie oraz inne prace pomocnicze.<\/div>\r\n<\/div>\r\n<div><\/div>\r\n<div>\r\n<div><strong>9. Jakie posiadacie rodzaje pojazd\u00f3w oraz wyposa\u017cenia .<\/strong><\/div>\r\n<div>Posiadamy samochody przystosowane do wykonywania us\u0142ug przeprowadzkowych o kubaturze od 13m3 (furgon,blaszak,bus) do 23m3 sze\u015bciennych kontener,meblow\u00f3z). Przewozimy \u0142adunki od 1 kg do 1500kg<\/div>\r\n<div>Przy naszych us\u0142ugach wykorzystujemy specjalistyczny sprz\u0119t typu: w\u00f3zki platformowe,w\u00f3zki schodowe, pasy szelkowe do przenoszenia ci\u0119\u017ckich gabaryt\u00f3w,mebli i urz\u0105dze\u0144, pasy transportowe do zabezpieczania \u0142adunku w trakcie transportu,najazdy motocyklowe do 350kg,tekturowe k\u0105towniki na ranty.<\/div>\r\n<div><\/div>\r\n<\/div>\r\n<\/div>\r\n<div><strong>10. Jakie s\u0105 wymiary rzeczywiste wewn\u0105trz pojazd\u00f3w? Opel <span class=\"pre\">Movano \/Renault Master 13m3 furgon d\u0142.3,60xwys.1,90xszer.1,75 \/ wymiary wysoko\u015b\u0107 ca\u0142kowita na zewn\u0105trz 2,80m\r\n<\/span><\/strong><\/div>\r\n<div><strong><span class=\"pre\">Citroen Jumper,Fiat Ducato 23m3(Kontener meblow\u00f3z d\u0142.4,30xwys.2,30xszer.2,20\/ wymiary wysoko\u015b\u0107 ca\u0142kowita na zewn\u0105trz 3,45m<\/span><\/strong><\/div>\r\n<div><strong>\r\n<\/strong>\r\n<div><strong>11. W jaki spos\u00f3b mog\u0119 dokona\u0107 p\u0142atno\u015bci? <\/strong>Za wykonan\u0105 us\u0142ug\u0119 przeprowadzki,Transportu czy us\u0142ugi tragarskiej , mo\u017cesz zap\u0142aci\u0107:<\/div>\r\n<ul>\r\n \t<li>got\u00f3wk\u0105 po wykonaniu us\u0142ugi p\u0142atno\u015b\u0107 u kierowcy.<\/li>\r\n<\/ul>\r\n<\/div>\r\n<div><\/div>\r\n<\/div>","_et_gb_content_width":"","_exactmetrics_skip_tracking":false,"_exactmetrics_sitenote_active":false,"_exactmetrics_sitenote_note":"","_exactmetrics_sitenote_category":0,"footnotes":""},"class_list":["post-300","page","type-page","status-publish","hentry"],"_links":{"self":[{"href":"https:\/\/fairplay-przeprowadzki.pl\/index.php\/wp-json\/wp\/v2\/pages\/300","targetHints":{"allow":["GET"]}}],"collection":[{"href":"https:\/\/fairplay-przeprowadzki.pl\/index.php\/wp-json\/wp\/v2\/pages"}],"about":[{"href":"https:\/\/fairplay-przeprowadzki.pl\/index.php\/wp-json\/wp\/v2\/types\/page"}],"author":[{"embeddable":true,"href":"https:\/\/fairplay-przeprowadzki.pl\/index.php\/wp-json\/wp\/v2\/users\/2"}],"replies":[{"embeddable":true,"href":"https:\/\/fairplay-przeprowadzki.pl\/index.php\/wp-json\/wp\/v2\/comments?post=300"}],"version-history":[{"count":6,"href":"https:\/\/fairplay-przeprowadzki.pl\/index.php\/wp-json\/wp\/v2\/pages\/300\/revisions"}],"predecessor-version":[{"id":362,"href":"https:\/\/fairplay-przeprowadzki.pl\/index.php\/wp-json\/wp\/v2\/pages\/300\/revisions\/362"}],"wp:attachment":[{"href":"https:\/\/fairplay-przeprowadzki.pl\/index.php\/wp-json\/wp\/v2\/media?parent=300"}],"curies":[{"name":"wp","href":"https:\/\/api.w.org\/{rel}","templated":true}]}}