{"id":124,"date":"2018-03-01T20:32:17","date_gmt":"2018-03-01T19:32:17","guid":{"rendered":"http:\/\/fairplay-przeprowadzki.pl\/?page_id=124"},"modified":"2026-01-02T21:34:27","modified_gmt":"2026-01-02T20:34:27","slug":"o-nas","status":"publish","type":"page","link":"https:\/\/fairplay-przeprowadzki.pl\/index.php\/o-nas\/","title":{"rendered":"O Nas"},"content":{"rendered":"<h1 style=\"text-align: center;\">O nas \u2013 Fair Play Przeprowadzki<\/h1>\n<p style=\"text-align: center;\"><strong>Pragniemy Pa\u0144stwa Zaprosi\u0107 do skorzystania z naszych us\u0142ug Fair Play \u2013 Przeprowadzki<\/strong><\/p>\n<p style=\"text-align: center;\"><strong>Nasza firma powsta\u0142a z my\u015bl\u0105 o klientach, kt\u00f3rzy nie zawsze maj\u0105 czas, mo\u017cliwo\u015bci lub si\u0142\u0119, aby samodzielnie zorganizowa\u0107 przeprowadzk\u0119 czy transport.<\/strong><\/p>\n<p style=\"text-align: center;\"><strong>Od pocz\u0105tku naszej dzia\u0142alno\u015bci kierujemy si\u0119 jedn\u0105 zasad\u0105 \u2013 uczciwo\u015bci\u0105 i rzetelno\u015bci\u0105 wobec klienta.<\/strong><\/p>\n<p style=\"text-align: center;\">Pracujemy <strong data-start=\"581\" data-end=\"632\">ca\u0142odobowo \u2013 24 godziny na dob\u0119, 365 dni w roku<\/strong>, bez dodatkowych op\u0142at za dni \u015bwi\u0105teczne.<\/p>\n<p style=\"text-align: center;\"><strong> To w\u0142a\u015bnie dost\u0119pno\u015b\u0107 i elastyczno\u015b\u0107 wyr\u00f3\u017cniaj\u0105 nas na tle konkurencji.<\/strong><\/p>\n<p style=\"text-align: center;\">Aby wyj\u015b\u0107 naprzeciw Pa\u0144stwa oczekiwaniu nasza firma wsp\u00f3\u0142pracuje z innymi firmami transportowymi na terenie ca\u0142ej Warszawy i Polski.<\/p>\n<p style=\"text-align: center;\">Dzi\u0119ki czemu jeste\u015bmy w stanie pom\u00f3c nawet w nag\u0142ych i awaryjnych sytuacjach \u2013 o ka\u017cdej porze dnia i nocy.<\/p>\n<p style=\"text-align: center;\"><strong>Do\u015bwiadczenie i bezpiecze\u0144stwo<\/strong><\/p>\n<p style=\"text-align: center;\">Wiemy, jak wa\u017cne jest do\u015bwiadczenie w bran\u017cy przeprowadzek\/transportu kt\u00f3rego klient oczekuje.<\/p>\n<p style=\"text-align: center;\">Brak wiedzy i odpowiedniego zaplecza technicznego cz\u0119sto prowadzi do zniszcze\u0144 i nieprzyjemnych sytuacji.<\/p>\n<p style=\"text-align: center;\" data-start=\"1020\" data-end=\"1196\"><strong>Dlatego:<\/strong><\/p>\n<ul style=\"text-align: center;\" data-start=\"1198\" data-end=\"1365\">\n<li data-start=\"1198\" data-end=\"1242\">\n<p data-start=\"1200\" data-end=\"1242\">posiadamy <strong data-start=\"1210\" data-end=\"1239\">wieloletnie do\u015bwiadczenie<\/strong>,<\/p>\n<\/li>\n<li data-start=\"1243\" data-end=\"1293\">\n<p data-start=\"1245\" data-end=\"1293\">posiadamy <strong data-start=\"1261\" data-end=\"1290\">polis\u0119 OC firmy \u2013obejmuj\u0105c\u0105 wszystkie nasze us\u0142ugi.<\/strong><\/p>\n<\/li>\n<li data-start=\"1294\" data-end=\"1365\">\n<p data-start=\"1296\" data-end=\"1365\">gwarantujemy <strong data-start=\"1309\" data-end=\"1364\">bezpieczne i odpowiedzialne wykonanie ka\u017cdej oferowanej przez nas us\u0142ugi<\/strong>.<\/p>\n<\/li>\n<\/ul>\n<p style=\"text-align: center;\" data-start=\"1367\" data-end=\"1478\">Powierzane nam mienie to cz\u0119sto dorobek ca\u0142ego \u017cycia naszych klient\u00f3w \u2013 traktujemy je z najwy\u017csz\u0105 staranno\u015bci\u0105.<\/p>\n<p style=\"text-align: center;\"><strong>Profesjonalne wyposa\u017cenie<\/strong><\/p>\n<p style=\"text-align: center;\">Dysponujemy <strong data-start=\"1527\" data-end=\"1591\">specjalistycznymi pojazdami przystosowanymi do przeprowadzek<\/strong> oraz pe\u0142nym zapleczem technicznym, m.in.:<\/p>\n<p style=\"text-align: center;\">Posiadamy r\u00f3\u017cnego rodzaje w\u00f3zki od schodowych po platformowe (pieski),koce filcowe, pasy szelkowe do przenoszenia ci\u0119\u017ckich gabaryt\u00f3w ,foli\u0119 stercz przezroczyst\u0105 tak\u0105 kt\u00f3ra nie zostawia \u015blad\u00f3w,folie b\u0105belkowe, ta\u015bmy klej\u0105ce ,pasy transportowe kt\u00f3rymi s\u0105 mocowane przedmioty na pojazdach tak aby si\u0119 nie przewr\u00f3ci\u0142y podczas wykonywanego transportu.<\/p>\n<p style=\"text-align: center;\"><strong>Dzi\u0119ki temu potrafimy odpowiednio zapakowa\u0107, zabezpieczy\u0107, przenie\u015b\u0107 i przewie\u017a\u0107 meble, sprz\u0119t AGD i RTV, antyki, dzie\u0142a sztuki oraz przedmioty o du\u017cych gabarytach.<\/strong><\/p>\n<p style=\"text-align: center;\"><strong>Nasza firma cieszy si\u0119 zaufaniem jeste\u015bmy polecani na FB ,Google Maps i cieszymy si\u0119 dobr\u0105 opini\u0105 w\u015br\u00f3d naszych klient\u00f3w kt\u00f3rzy polecaj\u0105 nasze us\u0142ugi swojej rodzinie s\u0105siadom i znajomym.<\/strong><\/p>\n<p style=\"text-align: center;\"><strong>Nasz zesp\u00f3\u0142<\/strong><\/p>\n<p style=\"text-align: center;\"><strong>Zesp\u00f3\u0142 Fair Play \u2013 Przeprowadzki to m\u0142odzi do\u015bwiadczeni kreatywni i kulturalni pracownicy <\/strong><\/p>\n<p style=\"text-align: center;\">W naszej firmie klient jest dla nas najwa\u017cniejszy i jego zadowolenie to dla nas najlepsza reklama.<\/p>\n<p style=\"text-align: center;\"><strong>Dla tego firma fair play \u2013przeprowadzki chce by\u0107 liderem w\u015br\u00f3d porz\u0105dnych \u015brednich firm transportowych.<\/strong><\/p>\n<p style=\"text-align: center;\"><strong>MY<\/strong> pokazuje swoim klientom \u017ce przeprowadzka\/transport mog\u0105 kojarzy\u0107 si\u0119 z u\u015bmiechni\u0119t\u0105 kulturaln\u0105 spraw\u0105 za\u0142og\u0105<\/p>\n<p style=\"text-align: center;\">kt\u00f3ra zawsze jest mi\u0142a i wyrozumia\u0142a posiadaj\u0105ca empati\u0119 ale r\u00f3wnie\u017c podnosz\u0105ca na duchu w trudnych chwilach dla klient\u00f3w.<\/p>\n<p style=\"text-align: center;\"><strong>Dlaczego warto zaufa\u0107 nam!<\/strong><\/p>\n<p style=\"text-align: center;\">Zapewniamy mi\u0142\u0105 i spokojn\u0105 atmosfer\u0119 zawsze z indywidualn\u0105 obs\u0142ug\u0119.<\/p>\n<p style=\"text-align: center;\">Nasze za\u0142ogi to kulturalni m\u0142odzi i kretyni ludzie kt\u00f3rzy maj\u0105 odpowiedni\u0105 wiedz\u0119 o przeprowadzkach i transporcie kt\u00f3r\u0105 u nas porostu wida\u0107.<\/p>\n<p style=\"text-align: center;\">Ka\u017cda z za\u0142\u00f3g sk\u0142ada si\u0119 z odpowiedzialnych i my\u015bl\u0105cych os\u00f3b kt\u00f3re bezpiecze\u0144stwo stawiaj\u0105 na najwy\u017cszym poziomie ,bezpiecze\u0144stwo wszystkich powierzonych nam rzeczy na czas przeprowadzki-transportu to dla nas najwi\u0119kszy priorytet.<\/p>\n<p style=\"text-align: center;\"><strong>Jeste\u015bmy profesjonalistami ale dbamy r\u00f3wnie\u017c o sw\u00f3j dobry wizerunek.<\/strong><\/p>\n<p style=\"text-align: center;\">Nasza firma dba r\u00f3wnie\u017c o swoje &#8222;<strong>dobre imi\u0119<\/strong>&#8221; dla tego przed rozpocz\u0119ciem us\u0142ugi kompleksowej wykonujemy fotografi\u0119 stanu klatki schodowej przed rozpocz\u0119ciem swojej us\u0142ugi (to jest dla nas zabezpieczenie) \u017ce nie uszkodzili\u015bmy infrastruktury budynku podczas naszej pracy.<\/p>\n<p style=\"text-align: center;\">Nasze za\u0142ogi pracuj\u0105 w firmowej odzie\u017cy, co daje Pa\u0144stwu pewno\u015b\u0107, \u017ce przeprowadzk\u0119 realizuj\u0105 w\u0142a\u015bciwe, sprawdzone osoby.<\/p>\n<p style=\"text-align: center;\">Oznakowane pojazdy z logo firmy to nie detal \u2013 to gwarancja, \u017ce Pa\u0144stwa dorobek \u017cycia przewozi prawdziwa firma, a nie przypadkowy \u201eprzewo\u017anik\u201d udaj\u0105cy profesjonalist\u00f3w to pewno\u015b\u0107, \u017ce zlecenie realizuje legalna i odpowiedzialna firma.<\/p>\n<p style=\"text-align: center;\">Nie chowamy si\u0119 za bezimiennym samochodem \u2013 je\u017adzimy tylko oznakowanymi pojazdami z logiem Fair Play \u2013 Przeprowadzki. i numery kontaktowe: 694 043 084, 516 535 392. Bez anonim\u00f3w. Bez ryzyka. Wiesz, komu powierzasz sw\u00f3j dobytek.<\/p>\n<p style=\"text-align: center;\"><strong>W naszej ofercie pragniemy zaproponowa\u0107 Pa\u0144stwu.<\/strong><\/p>\n<p style=\"text-align: center;\">&#8211; Przeprowadzki prywatne (lokalne, mi\u0119dzymiastowe z Warszawy w Polsk\u0119)<\/p>\n<p style=\"text-align: center;\">&#8211; Przeprowadzki firmowe ,biur ,instytucji<\/p>\n<p style=\"text-align: center;\">&#8211; Przew\u00f3z rzeczy i towar\u00f3w na terenie ca\u0142ej Warszawy i okolic 24h.<\/p>\n<p style=\"text-align: center;\">&#8211; Us\u0142ugi Tragarskie \u00a0POGOTOWIE TRAGARZE 24h. wnoszenie przenoszenie przestawianie<\/p>\n<p style=\"text-align: center;\">&#8211; PRZEMEBLOWANIE pomieszcze\u0144 24h<\/p>\n<p style=\"text-align: center;\">&#8211; Transport Baga\u017cowy\/drobnicowy 24h.<\/p>\n<p style=\"text-align: center;\">&#8211; Transport antyk\u00f3w ,dzie\u0142 sztuki, urz\u0105dze\u0144, motocykli<\/p>\n<p style=\"text-align: center;\">-Wyw\u00f3z mebli \/Opr\u00f3\u017cnianie mieszka\u0144, piwnic, gara\u017cy, strych\u00f3w<\/p>\n<p style=\"text-align: center;\"><em><strong>Mo\u017ce nie mamy setek aut i armii pracownik\u00f3w jak wielkie firmy, kt\u00f3re du\u017co obiecuj\u0105, a ma\u0142o daj\u0105 \u2013 za to my stawiamy na jako\u015b\u0107, uczciwo\u015b\u0107 i realne zaanga\u017cowanie w ka\u017cde zlecenie.<\/strong><\/em><\/p>\n<p style=\"text-align: center;\"><strong>My za to kierujemy si\u0119 zasadami szanujemy ka\u017cdego klienta oferujemy r\u00f3wnie profesjonalne przeprowadzki i us\u0142ugi transportowe co inne Mega firmy cz\u0119sto za po\u0142ow\u0119 ich ceny z indywidualnym podej\u015bciem.<\/strong><\/p>\n<p style=\"text-align: center;\"><strong> Cz\u0119sto widz\u0105c inne firmy dostrzegamy \u017ce Nasza firma ma wile potrzebnych rozwi\u0105za\u0144 z kt\u00f3rych takie firmy mog\u0105 bra\u0107 z nas przyk\u0142ad.<\/strong><\/p>\n<h2 style=\"text-align: center;\" data-start=\"3604\" data-end=\"3633\">Zaproszenie od w\u0142a\u015bciciela<\/h2>\n<p style=\"text-align: center;\" data-start=\"3635\" data-end=\"3875\">Jako w\u0142a\u015bciciel firmy \u2013 <strong data-start=\"3659\" data-end=\"3676\">Roland Miller<\/strong> \u2013 zapraszam do skorzystania\u00a0<strong>z us\u0142ug mojej firmy <\/strong>Fair Play \u2013 Przeprowadzki.<br data-start=\"3739\" data-end=\"3742\" \/>Tworz\u0105c t\u0119 firm\u0119, postawi\u0142em na <strong data-start=\"3774\" data-end=\"3826\">uczciwo\u015b\u0107, przejrzysto\u015b\u0107 i realn\u0105 pomoc klientom<\/strong>, szczeg\u00f3lnie w trudnych i awaryjnych sytuacjach a\u00a0przede wszystkim w rozs\u0105dnych cenach bez naci\u0105gania i nabijania w butelk\u0119.<\/p>\n<p style=\"text-align: center;\" data-start=\"3635\" data-end=\"3875\">Ta firma jest oparta na czystych i przejrzystych warunkach bez ukrytych koszt\u00f3w pod gwiazdkami czy kruczkami.<\/p>\n<p style=\"text-align: center;\" data-start=\"3877\" data-end=\"3979\">Chc\u0119, aby ka\u017cdy klient mia\u0142 pewno\u015b\u0107, \u017ce trafi\u0142 na rzeteln\u0105 i terminow\u0105 firm\u0119, kt\u00f3rej mo\u017cna zaufa\u0107 fairplay-przeprowadzki.pl<\/p>\n<p style=\"text-align: center;\"><strong>Nasze motto nie wzi\u0119\u0142o si\u0119 znik\u0105d!<\/strong><\/p>\n<div style=\"text-align: center;\"><em><b>Z nami \u017cadna konkurencja nie mo\u017ce si\u0119 r\u00f3wna\u0107 jeste\u015bmy Uczciwi do granic mo\u017cliwo\u015bci! <\/b><\/em><\/div>\n<div style=\"text-align: center;\"><em><b><u>Jako nieliczni Oferujemy CZYSTE ZASADY&#8221;FAIR PLAY&#8221;Bez \u015bciemy i kr\u0119tactwa<\/u><br \/>\nNie pobieramy \u017cadnych ukrytych koszt\u00f3w za podstawienie auta czy od pi\u0119tra<br \/>\n<u>NIE JESTE\u015aMY NACI\u0104GACZAMI SZANUJEMY CZAS NASZEGO KLIENTA i SW\u00d3J!<\/u><\/b><\/em><\/div>\n<p style=\"text-align: center;\"><strong>U nas maj\u0105 Pa\u0144stwo czarno na bia\u0142ym jak jest bez naci\u0105gania.<\/strong><\/p>\n<p style=\"text-align: center;\">Nie boimy si\u0119 wyzwa\u0144 podejmujemy si\u0119 nawet tych najtrudniejsze realizacji gdzie konkurencji si\u0119 porostu nie chce<\/p>\n<p style=\"text-align: center;\">Mamy r\u00f3wnie\u017c na swoim koncie rekord wnoszenia ci\u0119\u017ckiej sofy o wadze ponad 100kg na +45p.po schodach w mniej ni\u017c 1,5h.<\/p>\n<p style=\"text-align: center;\">Dla nas <strong data-start=\"450\" data-end=\"503\">zar\u00f3wno najmniejsze zlecenia \u2013 mikro przeprowadzki<\/strong>, jak i <strong data-start=\"511\" data-end=\"571\">du\u017ce, kompleksowe przeprowadzki mieszka\u0144, dom\u00f3w czy firm<\/strong> s\u0105 jednakowo wa\u017cne. Wszystkich klient\u00f3w traktujemy r\u00f3wno, poniewa\u017c <strong data-start=\"639\" data-end=\"680\">ka\u017cdy klient jest dla nas priorytetem<\/strong>.<\/p>\n<p style=\"text-align: center;\" data-start=\"683\" data-end=\"997\">Je\u017celi szukaj\u0105 Pa\u0144stwo <strong data-start=\"706\" data-end=\"752\">rzetelnej firmy, kt\u00f3ra dotrzymuje termin\u00f3w<\/strong>, zar\u00f3wno przy przeprowadzkach lokalnych, jak i mi\u0119dzymiastowych \u2013 <strong data-start=\"819\" data-end=\"857\">z Warszawy na terenie ca\u0142ej Polski<\/strong> \u2013 serdecznie zapraszamy do wsp\u00f3\u0142pracy.<\/p>\n<p style=\"text-align: center;\" data-start=\"683\" data-end=\"997\">Ka\u017cde zlecenie realizujemy <strong data-start=\"924\" data-end=\"996\">z pe\u0142nym zaanga\u017cowaniem i w ustalonym, dogodnym dla Pa\u0144stwa terminie<\/strong>.<\/p>\n<p style=\"text-align: center;\" data-start=\"999\" data-end=\"1169\">Dostosowujemy si\u0119 do potrzeb klienta i <strong data-start=\"1038\" data-end=\"1106\">rezerwujemy najdogodniejszy termin przeprowadzki mi\u0119dzymiastowej<\/strong>, tak aby ca\u0142y proces przebieg\u0142 sprawnie i bez zb\u0119dnego stresu.<\/p>\n<p style=\"text-align: center;\" data-start=\"1171\" data-end=\"1329\"><strong data-start=\"1171\" data-end=\"1199\">Gwarantujemy dotrzymanie terminu<\/strong>\u2013 w przeciwie\u0144stwie do wielu firm konkurencyjnych <strong data-start=\"1250\" data-end=\"1285\">zawsze zjawiamy si\u0119 punktualnie<\/strong> i realizujemy us\u0142ug\u0119 zgodnie z ustaleniami.<\/p>\n<p style=\"text-align: center;\">Podczas kontaktu telefonicznego \u2013 o ka\u017cdej porze, 24 godziny na dob\u0119 \u2013 ch\u0119tnie odpowiemy na wszystkie pytania oraz udzielimy praktycznych wskaz\u00f3wek, jak najlepiej przygotowa\u0107 si\u0119 do przeprowadzki, transportu lub us\u0142ugi tragarzy.<\/p>\n<h2 style=\"text-align: center;\" data-start=\"3986\" data-end=\"3996\">Kontakt<\/h2>\n<p style=\"text-align: center;\" data-start=\"3998\" data-end=\"4160\">\ud83d\udcde <strong data-start=\"4001\" data-end=\"4016\">694 043 084<\/strong><br data-start=\"4016\" data-end=\"4019\" \/>\ud83d\udcde <strong data-start=\"4022\" data-end=\"4037\">516 535 392<\/strong><br data-start=\"4037\" data-end=\"4040\" \/>\ud83d\udce7 <strong data-start=\"4043\" data-end=\"4075\"><a class=\"decorated-link cursor-pointer\" rel=\"noopener\" data-start=\"4045\" data-end=\"4073\">fairplay-przeprowadzki@wp.pl<\/a><\/strong><br data-start=\"4075\" data-end=\"4078\" \/>\ud83d\udccd Warszawa i ca\u0142a Polska<br data-start=\"4103\" data-end=\"4106\" \/>\ud83c\udf10 Jeste\u015bmy r\u00f3wnie\u017c na <strong data-start=\"4129\" data-end=\"4142\">Facebooku<\/strong> i <strong data-start=\"4145\" data-end=\"4160\">Google Maps<\/strong><\/p>\n<p style=\"text-align: center;\" data-start=\"4162\" data-end=\"4245\"><strong data-start=\"4162\" data-end=\"4245\">Zapraszamy do wsp\u00f3\u0142pracy \u2013 jeste\u015bmy do Pa\u0144stwa dyspozycji 24h \/ 365 dni w roku.<\/strong><\/p>\n","protected":false},"excerpt":{"rendered":"<p>O nas \u2013 Fair Play Przeprowadzki Pragniemy Pa\u0144stwa Zaprosi\u0107 do skorzystania z naszych us\u0142ug Fair Play \u2013 Przeprowadzki Nasza firma powsta\u0142a z my\u015bl\u0105 o klientach, kt\u00f3rzy nie zawsze maj\u0105 czas, mo\u017cliwo\u015bci lub si\u0142\u0119, aby samodzielnie zorganizowa\u0107 przeprowadzk\u0119 czy transport. Od pocz\u0105tku naszej dzia\u0142alno\u015bci kierujemy si\u0119 jedn\u0105 zasad\u0105 \u2013 uczciwo\u015bci\u0105 i rzetelno\u015bci\u0105 wobec klienta. Pracujemy ca\u0142odobowo [&hellip;]<\/p>\n","protected":false},"author":1,"featured_media":0,"parent":0,"menu_order":0,"comment_status":"closed","ping_status":"closed","template":"","meta":{"_et_pb_use_builder":"on","_et_pb_old_content":"","_et_gb_content_width":"","_exactmetrics_skip_tracking":false,"_exactmetrics_sitenote_active":false,"_exactmetrics_sitenote_note":"","_exactmetrics_sitenote_category":0,"footnotes":""},"class_list":["post-124","page","type-page","status-publish","hentry"],"_links":{"self":[{"href":"https:\/\/fairplay-przeprowadzki.pl\/index.php\/wp-json\/wp\/v2\/pages\/124","targetHints":{"allow":["GET"]}}],"collection":[{"href":"https:\/\/fairplay-przeprowadzki.pl\/index.php\/wp-json\/wp\/v2\/pages"}],"about":[{"href":"https:\/\/fairplay-przeprowadzki.pl\/index.php\/wp-json\/wp\/v2\/types\/page"}],"author":[{"embeddable":true,"href":"https:\/\/fairplay-przeprowadzki.pl\/index.php\/wp-json\/wp\/v2\/users\/1"}],"replies":[{"embeddable":true,"href":"https:\/\/fairplay-przeprowadzki.pl\/index.php\/wp-json\/wp\/v2\/comments?post=124"}],"version-history":[{"count":20,"href":"https:\/\/fairplay-przeprowadzki.pl\/index.php\/wp-json\/wp\/v2\/pages\/124\/revisions"}],"predecessor-version":[{"id":596,"href":"https:\/\/fairplay-przeprowadzki.pl\/index.php\/wp-json\/wp\/v2\/pages\/124\/revisions\/596"}],"wp:attachment":[{"href":"https:\/\/fairplay-przeprowadzki.pl\/index.php\/wp-json\/wp\/v2\/media?parent=124"}],"curies":[{"name":"wp","href":"https:\/\/api.w.org\/{rel}","templated":true}]}}